{"id":60,"date":"2024-10-21T14:48:34","date_gmt":"2024-10-21T12:48:34","guid":{"rendered":"https:\/\/www.gitetigwen-plonevezdufaou.com\/index.php\/accueil\/"},"modified":"2026-03-07T14:05:29","modified_gmt":"2026-03-07T13:05:29","slug":"accueil","status":"publish","type":"page","link":"https:\/\/www.gitetigwen-plonevezdufaou.com\/","title":{"rendered":"G\u00eete Ti Gwen"},"content":{"rendered":"\n<h2 class=\"wp-block-heading has-text-align-center has-text-color\" style=\"color:#3c4858\">29530 Plon\u00e9vez du Faou<\/h2>\n\n\n\n<figure class=\"wp-block-image\"><img loading=\"lazy\" decoding=\"async\" width=\"1024\" height=\"614\" src=\"https:\/\/www.gitetigwen-plonevezdufaou.com\/wp-content\/uploads\/2024\/10\/cropped-facade-2-scaled-2-1024x614.jpg\" alt=\"vue d'ensemble du g\u00eete Ti Gwen\" class=\"wp-image-95\" srcset=\"https:\/\/www.gitetigwen-plonevezdufaou.com\/wp-content\/uploads\/2024\/10\/cropped-facade-2-scaled-2-1024x614.jpg 1024w, https:\/\/www.gitetigwen-plonevezdufaou.com\/wp-content\/uploads\/2024\/10\/cropped-facade-2-scaled-2-300x180.jpg 300w, https:\/\/www.gitetigwen-plonevezdufaou.com\/wp-content\/uploads\/2024\/10\/cropped-facade-2-scaled-2-768x460.jpg 768w, https:\/\/www.gitetigwen-plonevezdufaou.com\/wp-content\/uploads\/2024\/10\/cropped-facade-2-scaled-2-1536x921.jpg 1536w, https:\/\/www.gitetigwen-plonevezdufaou.com\/wp-content\/uploads\/2024\/10\/cropped-facade-2-scaled-2.jpg 2000w\" sizes=\"auto, (max-width: 1024px) 100vw, 1024px\" \/><figcaption class=\"wp-element-caption\">terrasse et fa\u00e7ade sud meuble de jardin et barbecue<\/figcaption><\/figure>\n\n\n\n<h2 class=\"wp-block-heading has-text-align-center\">Situation<\/h2>\n\n\n\n<p>Le g\u00eete Ti Gwen pour 1 \u00e0 4 personnes est situ\u00e9 \u00e0 Plon\u00e9vez du Faou dans le centre Finist\u00e8re.<\/p>\n\n\n\n<p>A 1km 5 du bourg et de tout ses commerces : boulangerie, boucherie, \u00e9picerie, pharmacie; dans un hameau calme de 10 maisons.<\/p>\n\n\n\n<p>Proche de la for\u00eat du Huelgoat et de son chaos, proche \u00e9galement des monts d&rsquo;Arr\u00e9e et de la chapelle St Michel de Braspart o\u00f9 quantit\u00e9 de chemins vous attendent. A 1\/2 heure de la vall\u00e9e des Saints.<\/p>\n\n\n\n<p>A 1h de toutes les c\u00f4tes maritimes : Roscoff, Concarneau, presqu&rsquo;\u00eele de Crozon; des villes de Quimper, Locronan; et \u00e0 1h30 des pointes St Mathieu et pointe du Raz.<\/p>\n","protected":false},"excerpt":{"rendered":"<p>29530 Plon\u00e9vez du Faou Situation Le g\u00eete Ti Gwen pour 1 \u00e0 4 personnes est situ\u00e9 \u00e0 Plon\u00e9vez du Faou dans le centre Finist\u00e8re. A 1km 5 du bourg et de tout ses commerces : boulangerie, boucherie, \u00e9picerie, pharmacie; dans un hameau calme de 10 maisons. Proche de la for\u00eat du Huelgoat et de son&hellip; <a class=\"more-link\" href=\"https:\/\/www.gitetigwen-plonevezdufaou.com\/\">Poursuivre la lecture <span class=\"screen-reader-text\">G\u00eete Ti Gwen<\/span><\/a><\/p>\n","protected":false},"author":1,"featured_media":0,"parent":0,"menu_order":0,"comment_status":"closed","ping_status":"closed","template":"","meta":{"_themeisle_gutenberg_block_has_review":false,"footnotes":""},"class_list":["post-60","page","type-page","status-publish","hentry","entry"],"_links":{"self":[{"href":"https:\/\/www.gitetigwen-plonevezdufaou.com\/index.php\/wp-json\/wp\/v2\/pages\/60","targetHints":{"allow":["GET"]}}],"collection":[{"href":"https:\/\/www.gitetigwen-plonevezdufaou.com\/index.php\/wp-json\/wp\/v2\/pages"}],"about":[{"href":"https:\/\/www.gitetigwen-plonevezdufaou.com\/index.php\/wp-json\/wp\/v2\/types\/page"}],"author":[{"embeddable":true,"href":"https:\/\/www.gitetigwen-plonevezdufaou.com\/index.php\/wp-json\/wp\/v2\/users\/1"}],"replies":[{"embeddable":true,"href":"https:\/\/www.gitetigwen-plonevezdufaou.com\/index.php\/wp-json\/wp\/v2\/comments?post=60"}],"version-history":[{"count":12,"href":"https:\/\/www.gitetigwen-plonevezdufaou.com\/index.php\/wp-json\/wp\/v2\/pages\/60\/revisions"}],"predecessor-version":[{"id":208,"href":"https:\/\/www.gitetigwen-plonevezdufaou.com\/index.php\/wp-json\/wp\/v2\/pages\/60\/revisions\/208"}],"wp:attachment":[{"href":"https:\/\/www.gitetigwen-plonevezdufaou.com\/index.php\/wp-json\/wp\/v2\/media?parent=60"}],"curies":[{"name":"wp","href":"https:\/\/api.w.org\/{rel}","templated":true}]}}